{"id":1106,"date":"2023-12-15T08:24:50","date_gmt":"2023-12-15T08:24:50","guid":{"rendered":"https:\/\/site.orthia.eu\/?post_type=product&#038;p=1106"},"modified":"2025-05-22T09:15:45","modified_gmt":"2025-05-22T08:15:45","slug":"contencao-elastica-do-tornozelo-c-enfaixamento-em-8-art-15","status":"publish","type":"product","link":"https:\/\/www.orthia.eu\/en\/loja\/technical-orthopedics\/containment\/contencao-elastica-do-tornozelo-c-enfaixamento-em-8-art-15\/","title":{"rendered":"art.15 &#8211; Conten\u00e7\u00e3o El\u00e1stica do Tornozelo c\/ Enfaixamento em 8"},"content":{"rendered":"<p><strong>A Conten\u00e7\u00e3o El\u00e1stica do Tornozelo com Enfaixamento em 8 PAVIS est\u00e1 indicada para:<\/strong><\/p>\n<p>\u00bb Patologias traum\u00e1ticas: distens\u00f5es, tendinites, luxa\u00e7\u00f5es;<br \/>\n\u00bb Fase de reabilita\u00e7\u00e3o: suporte passivo para a recupera\u00e7\u00e3o funcional do tornozelo;<br \/>\n\u00bb Ligeiros traumatismos do tornozelo;<br \/>\n\u00bb Apoio e prote\u00e7\u00e3o durante a pr\u00e1tica de desportos.<\/p>\n<p><strong>A Conten\u00e7\u00e3o El\u00e1stica do Tornozelo com Enfaixamento em 8 PAVIS est\u00e1 dispon\u00edvel com as seguintes caracter\u00edsticas:<\/strong><\/p>\n<p>\u00bb Ambidestra e tamanho \u00fanico;<br \/>\n\u00bb Completamente aberto, tornando-se f\u00e1cil de usar em caso de dor ou incha\u00e7o do tornozelo;<br \/>\n\u00bb Em tecido antial\u00e9rgico, respir\u00e1vel, 100% algod\u00e3o sobre a pele, sem neopreno;<br \/>\n\u00bb Confort\u00e1vel, adapta-se ao p\u00e9, podendo ser facilmente utilizada em qualquer tipo de sapato.<\/p>\n<p>O Art.15 &#8211; Conten\u00e7\u00e3o El\u00e1stica do Tornozelo PAVIS \u00e9 classificado como Dispositivo M\u00e9dico de Classe I e est\u00e1 em conformidade com o Regulamento dos Dispositivos M\u00e9dicos (UE) 2017\/745.<\/p>\n","protected":false},"excerpt":{"rendered":"<div style=\"text-align: justify;\">A Conten\u00e7\u00e3o El\u00e1stica do Tornozelo com Enfaixamento em 8 PAVIS proporciona um suporte e uma estabiliza\u00e7\u00e3o m\u00e9dia a forte ao tornozelo. Cont\u00e9m uma banda el\u00e1stica que \u00e9 enrolada em volta do tornozelo num formato 8, como forma de limitar a abdu\u00e7\u00e3o e adu\u00e7\u00e3o articular. Permite movimentos controlados, evitando a perda da funcionalidade articular e o t\u00f3nus muscular.<\/div>\n<p>&nbsp;<br \/>\n<strong>Composi\u00e7\u00e3o:<\/strong><br \/>\n45% poliamida, 40% algod\u00e3o e 15% elastano<\/p>\n<div><img loading=\"lazy\" decoding=\"async\" class=\"size-full wp-image-6424 alignright\" src=\"https:\/\/www.orthia.eu\/wp-content\/uploads\/100-1.jpg\" alt=\"\" width=\"105\" height=\"50\" \/><\/div>\n<p>&nbsp;<br \/>\n&nbsp;<\/p>\n","protected":false},"featured_media":6426,"template":"","meta":[],"product_brand":[452],"product_cat":[77,21],"product_tag":[133],"class_list":{"0":"post-1106","1":"product","2":"type-product","3":"status-publish","4":"has-post-thumbnail","6":"product_brand-pavis","7":"product_cat-contencao","8":"product_cat-ortopedia-tecnica","9":"product_tag-contencao","11":"first","12":"instock","13":"taxable","14":"shipping-taxable","15":"product-type-variable"},"_links":{"self":[{"href":"https:\/\/www.orthia.eu\/en\/wp-json\/wp\/v2\/product\/1106","targetHints":{"allow":["GET"]}}],"collection":[{"href":"https:\/\/www.orthia.eu\/en\/wp-json\/wp\/v2\/product"}],"about":[{"href":"https:\/\/www.orthia.eu\/en\/wp-json\/wp\/v2\/types\/product"}],"wp:featuredmedia":[{"embeddable":true,"href":"https:\/\/www.orthia.eu\/en\/wp-json\/wp\/v2\/media\/6426"}],"wp:attachment":[{"href":"https:\/\/www.orthia.eu\/en\/wp-json\/wp\/v2\/media?parent=1106"}],"wp:term":[{"taxonomy":"product_brand","embeddable":true,"href":"https:\/\/www.orthia.eu\/en\/wp-json\/wp\/v2\/product_brand?post=1106"},{"taxonomy":"product_cat","embeddable":true,"href":"https:\/\/www.orthia.eu\/en\/wp-json\/wp\/v2\/product_cat?post=1106"},{"taxonomy":"product_tag","embeddable":true,"href":"https:\/\/www.orthia.eu\/en\/wp-json\/wp\/v2\/product_tag?post=1106"}],"curies":[{"name":"wp","href":"https:\/\/api.w.org\/{rel}","templated":true}]}}