{"id":1109,"date":"2023-12-15T08:30:12","date_gmt":"2023-12-15T08:30:12","guid":{"rendered":"https:\/\/site.orthia.eu\/?post_type=product&#038;p=1109"},"modified":"2025-05-21T12:33:49","modified_gmt":"2025-05-21T11:33:49","slug":"estabilizador-de-tornozelo-c-placas-art-19","status":"publish","type":"product","link":"https:\/\/www.orthia.eu\/en\/loja\/technical-orthopedics\/containment\/estabilizador-de-tornozelo-c-placas-art-19\/","title":{"rendered":"art.19 &#8211; Estabilizador de Tornozelo c\/ Placas"},"content":{"rendered":"<p><strong>O Estabilizador de Tornozelo com Placas PAVIS est\u00e1 indicado para:<\/strong><\/p>\n<p>\u00bb Entorses m\u00e9dios e agudos da articula\u00e7\u00e3o tibiot\u00e1rsica, p\u00f3s-operat\u00f3rio, instabilidade cr\u00f3nica;<br \/>\n\u00bb Per\u00edodo de reabilita\u00e7\u00e3o para o rein\u00edcio das atividades desportivas.<\/p>\n<p><strong>O Estabilizador de Tornozelo com Placas PAVIS est\u00e1 dispon\u00edvel com as seguintes caracter\u00edsticas:<\/strong><\/p>\n<p>\u00bb Ambidestro, ajust\u00e1vel para 3 tamanhos;<br \/>\n\u00bb Completamento aberto, f\u00e1cil de usar em caso de dor ou com o tornozelo inchado;<br \/>\n\u00bb Tecnologia AIRGENIX que confere ao tecido propriedades antibacterianas, prevenindo infe\u00e7\u00f5es no p\u00f3s-cir\u00fargico e maus odores, com conforto extra, 100% respir\u00e1vel e de alta toler\u00e2ncia.<\/p>\n<p>O Art.19 \u2013 Estabilizador de Tornozelo PAVIS \u00e9 classificado como Dispositivo M\u00e9dico de Classe I e est\u00e1 em conformidade com o Regulamento dos Dispositivos M\u00e9dicos (UE) 2017\/745.<\/p>\n","protected":false},"excerpt":{"rendered":"<div style=\"text-align: justify;\">A estabiliza\u00e7\u00e3o do tornozelo \u00e9 conseguida atrav\u00e9s de placas com desenho anat\u00f3mico, forradas em tecido confort\u00e1vel, respir\u00e1vel, antibacteriana com tecnologia AIRGENIX e antiodor. A sua estrutura, as bandas de fecho e o sistema de bloqueio em velcro permitem uma \u00f3tima estabilidade para o utilizador, e uma eficaz imobiliza\u00e7\u00e3o m\u00e9dio lateral da articula\u00e7\u00e3o tibiot\u00e1rsica, sem impedir o movimento flex\u00e3o\/extens\u00e3o. Envolve a articula\u00e7\u00e3o do tornozelo assegurando um ajuste confort\u00e1vel e estabilidade efetiva, sem dar volume.<\/div>\n<p>&nbsp;<br \/>\n<strong>Tamanho:<\/strong><br \/>\nU<br \/>\n&nbsp;<br \/>\n<strong>Composi\u00e7\u00e3o:<\/strong><br \/>\n60% poli\u00e9ster, 30% poliamida, 10% elastano<\/p>\n<div><img loading=\"lazy\" decoding=\"async\" class=\"size-full wp-image-6424 alignright\" src=\"https:\/\/www.orthia.eu\/wp-content\/uploads\/100-1.jpg\" alt=\"\" width=\"105\" height=\"50\" \/><\/div>\n<p>&nbsp;<br \/>\n&nbsp;<\/p>\n","protected":false},"featured_media":1071,"template":"","meta":[],"product_brand":[452],"product_cat":[77,21],"product_tag":[133],"class_list":{"0":"post-1109","1":"product","2":"type-product","3":"status-publish","4":"has-post-thumbnail","6":"product_brand-pavis","7":"product_cat-contencao","8":"product_cat-ortopedia-tecnica","9":"product_tag-contencao","11":"first","12":"instock","13":"taxable","14":"shipping-taxable","15":"product-type-simple"},"_links":{"self":[{"href":"https:\/\/www.orthia.eu\/en\/wp-json\/wp\/v2\/product\/1109","targetHints":{"allow":["GET"]}}],"collection":[{"href":"https:\/\/www.orthia.eu\/en\/wp-json\/wp\/v2\/product"}],"about":[{"href":"https:\/\/www.orthia.eu\/en\/wp-json\/wp\/v2\/types\/product"}],"wp:featuredmedia":[{"embeddable":true,"href":"https:\/\/www.orthia.eu\/en\/wp-json\/wp\/v2\/media\/1071"}],"wp:attachment":[{"href":"https:\/\/www.orthia.eu\/en\/wp-json\/wp\/v2\/media?parent=1109"}],"wp:term":[{"taxonomy":"product_brand","embeddable":true,"href":"https:\/\/www.orthia.eu\/en\/wp-json\/wp\/v2\/product_brand?post=1109"},{"taxonomy":"product_cat","embeddable":true,"href":"https:\/\/www.orthia.eu\/en\/wp-json\/wp\/v2\/product_cat?post=1109"},{"taxonomy":"product_tag","embeddable":true,"href":"https:\/\/www.orthia.eu\/en\/wp-json\/wp\/v2\/product_tag?post=1109"}],"curies":[{"name":"wp","href":"https:\/\/api.w.org\/{rel}","templated":true}]}}