{"id":1123,"date":"2023-12-15T09:20:29","date_gmt":"2023-12-15T09:20:29","guid":{"rendered":"https:\/\/site.orthia.eu\/?post_type=product&#038;p=1123"},"modified":"2025-05-21T12:36:00","modified_gmt":"2025-05-21T11:36:00","slug":"joelheira-tubular-c-buraco-art-23","status":"publish","type":"product","link":"https:\/\/www.orthia.eu\/en\/loja\/technical-orthopedics\/containment\/joelheira-tubular-c-buraco-art-23\/","title":{"rendered":"Joelheira Tubular c\/ Buraco &#8211; art.23"},"content":{"rendered":"<p><strong>A Joelheira Tubular com Buraco PAVIS est\u00e1 indicada para:<\/strong><\/p>\n<p>\u00bb Patologias traum\u00e1ticas: derrame articular, subluxa\u00e7\u00e3o da r\u00f3tula, instabilidade tendinite-r\u00f3tula, tendinites e trauma do menisco;<br \/>\n\u00bb Fase de reabilita\u00e7\u00e3o: a\u00e7\u00e3o de conten\u00e7\u00e3o e prote\u00e7\u00e3o p\u00f3s-trauma, reabilita\u00e7\u00e3o avan\u00e7ada de doen\u00e7as rotulares e do menisco, apoio passivo para a reabilita\u00e7\u00e3o e prote\u00e7\u00e3o na atividade desportiva.<\/p>\n<p><strong>A Joelheira Tubular com Buraco PAVIS est\u00e1 dispon\u00edvel com as seguintes caracter\u00edsticas:<\/strong><\/p>\n<p>\u00bb Ambidestra;<br \/>\n\u00bb Cont\u00e9m dois an\u00e9is de tecido para facilitar o uso e um anel macio de silicone na parte interna superior que proporciona estabilidade e evita o deslizamento do tecido.<\/p>\n<p>O Art.23 \u2013 Joelheira Tubular com Buraco PAVIS \u00e9 classificado como Dispositivo M\u00e9dico de Classe I e est\u00e1 em conformidade com o Regulamento dos Dispositivos M\u00e9dicos (UE) 2017\/745.<\/p>\n","protected":false},"excerpt":{"rendered":"<div style=\"text-align: justify;\">Gra\u00e7as aos diferentes materiais utilizados e \u00e0 t\u00e9cnica especial de constru\u00e7\u00e3o, esta joelheira, que envolve a r\u00f3tula, garante uma perfeita estabilidade sem aplicar nenhuma press\u00e3o na regi\u00e3o popl\u00edtea. As duas hastes espirais completamente flex\u00edveis permitem o livre movimento da articula\u00e7\u00e3o com o m\u00e1ximo conforto.<\/div>\n<p>&nbsp;<br \/>\n<strong>Composi\u00e7\u00e3o:<\/strong><br \/>\n45% poliamida, 40% algod\u00e3o e 15% elastano<\/p>\n<div><img loading=\"lazy\" decoding=\"async\" class=\"size-full wp-image-6424 alignright\" src=\"https:\/\/www.orthia.eu\/wp-content\/uploads\/100-1.jpg\" alt=\"\" width=\"105\" height=\"50\" \/><\/div>\n<p>&nbsp;<br \/>\n&nbsp;<\/p>\n","protected":false},"featured_media":1074,"template":"","meta":[],"product_brand":[452],"product_cat":[77,21],"product_tag":[133],"class_list":{"0":"post-1123","1":"product","2":"type-product","3":"status-publish","4":"has-post-thumbnail","6":"product_brand-pavis","7":"product_cat-contencao","8":"product_cat-ortopedia-tecnica","9":"product_tag-contencao","11":"first","12":"instock","13":"taxable","14":"shipping-taxable","15":"product-type-variable"},"_links":{"self":[{"href":"https:\/\/www.orthia.eu\/en\/wp-json\/wp\/v2\/product\/1123","targetHints":{"allow":["GET"]}}],"collection":[{"href":"https:\/\/www.orthia.eu\/en\/wp-json\/wp\/v2\/product"}],"about":[{"href":"https:\/\/www.orthia.eu\/en\/wp-json\/wp\/v2\/types\/product"}],"wp:featuredmedia":[{"embeddable":true,"href":"https:\/\/www.orthia.eu\/en\/wp-json\/wp\/v2\/media\/1074"}],"wp:attachment":[{"href":"https:\/\/www.orthia.eu\/en\/wp-json\/wp\/v2\/media?parent=1123"}],"wp:term":[{"taxonomy":"product_brand","embeddable":true,"href":"https:\/\/www.orthia.eu\/en\/wp-json\/wp\/v2\/product_brand?post=1123"},{"taxonomy":"product_cat","embeddable":true,"href":"https:\/\/www.orthia.eu\/en\/wp-json\/wp\/v2\/product_cat?post=1123"},{"taxonomy":"product_tag","embeddable":true,"href":"https:\/\/www.orthia.eu\/en\/wp-json\/wp\/v2\/product_tag?post=1123"}],"curies":[{"name":"wp","href":"https:\/\/api.w.org\/{rel}","templated":true}]}}