{"id":1156,"date":"2023-12-15T11:35:26","date_gmt":"2023-12-15T11:35:26","guid":{"rendered":"https:\/\/site.orthia.eu\/?post_type=product&#038;p=1156"},"modified":"2025-05-21T12:40:15","modified_gmt":"2025-05-21T11:40:15","slug":"pulso-de-contencao-art-32","status":"publish","type":"product","link":"https:\/\/www.orthia.eu\/en\/loja\/technical-orthopedics\/containment\/pulso-de-contencao-art-32\/","title":{"rendered":"art.32 &#8211; Pulso de Conten\u00e7\u00e3o"},"content":{"rendered":"<p><strong>O Pulso de Conten\u00e7\u00e3o PAVIS est\u00e1 indicado para:<\/strong><\/p>\n<p>\u00bb Patologias traum\u00e1ticas: tendinites e bursites;<br \/>\n\u00bb Traumas menores e danos secund\u00e1rios do pulso;<br \/>\n\u00bb Utiliza\u00e7\u00e3o durante a pr\u00e1tica de atividade desportiva.<\/p>\n<p><strong>O Pulso de Conten\u00e7\u00e3o est\u00e1 dispon\u00edvel com as seguintes caracter\u00edsticas:<\/strong><\/p>\n<p>\u00bb Ambidestro;<br \/>\n\u00bb De f\u00e1cil coloca\u00e7\u00e3o, uma vez que pode ser completamente aberto;<br \/>\n\u00bb Em tecido 100% algod\u00e3o sobre a pele, respir\u00e1vel e antial\u00e9rgico, sem neopreno.<\/p>\n<p>O Art.32 \u2013 Pulso de Conten\u00e7\u00e3o PAVIS \u00e9 classificado como Dispositivo M\u00e9dico de Classe I e est\u00e1 em conformidade com o Regulamento dos Dispositivos M\u00e9dicos (UE) 2017\/745.<\/p>\n","protected":false},"excerpt":{"rendered":"<div style=\"text-align: justify;\">Com uma compress\u00e3o rapidamente ajust\u00e1vel, \u00e9 usado na reabilita\u00e7\u00e3o do p\u00f3s-traumatismo como apoio do pulso.<\/div>\n<p>&nbsp;<br \/>\n<strong>Composi\u00e7\u00e3o:<\/strong><br \/>\n45% poliamida, 40% algod\u00e3o e 15% elastano<\/p>\n<p><strong>Comprimento:<\/strong><br \/>\n6,5 cm<\/p>\n<div><img loading=\"lazy\" decoding=\"async\" class=\"size-full wp-image-6424 alignright\" src=\"https:\/\/www.orthia.eu\/wp-content\/uploads\/100-1.jpg\" alt=\"\" width=\"105\" height=\"50\" \/><\/div>\n<p>&nbsp;<br \/>\n&nbsp;<\/p>\n","protected":false},"featured_media":1079,"template":"","meta":[],"product_brand":[452],"product_cat":[77,21],"product_tag":[133],"class_list":{"0":"post-1156","1":"product","2":"type-product","3":"status-publish","4":"has-post-thumbnail","6":"product_brand-pavis","7":"product_cat-contencao","8":"product_cat-ortopedia-tecnica","9":"product_tag-contencao","11":"first","12":"instock","13":"taxable","14":"shipping-taxable","15":"product-type-variable"},"_links":{"self":[{"href":"https:\/\/www.orthia.eu\/en\/wp-json\/wp\/v2\/product\/1156","targetHints":{"allow":["GET"]}}],"collection":[{"href":"https:\/\/www.orthia.eu\/en\/wp-json\/wp\/v2\/product"}],"about":[{"href":"https:\/\/www.orthia.eu\/en\/wp-json\/wp\/v2\/types\/product"}],"wp:featuredmedia":[{"embeddable":true,"href":"https:\/\/www.orthia.eu\/en\/wp-json\/wp\/v2\/media\/1079"}],"wp:attachment":[{"href":"https:\/\/www.orthia.eu\/en\/wp-json\/wp\/v2\/media?parent=1156"}],"wp:term":[{"taxonomy":"product_brand","embeddable":true,"href":"https:\/\/www.orthia.eu\/en\/wp-json\/wp\/v2\/product_brand?post=1156"},{"taxonomy":"product_cat","embeddable":true,"href":"https:\/\/www.orthia.eu\/en\/wp-json\/wp\/v2\/product_cat?post=1156"},{"taxonomy":"product_tag","embeddable":true,"href":"https:\/\/www.orthia.eu\/en\/wp-json\/wp\/v2\/product_tag?post=1156"}],"curies":[{"name":"wp","href":"https:\/\/api.w.org\/{rel}","templated":true}]}}