{"id":1172,"date":"2023-12-15T11:58:49","date_gmt":"2023-12-15T11:58:49","guid":{"rendered":"https:\/\/site.orthia.eu\/?post_type=product&#038;p=1172"},"modified":"2025-05-22T10:45:55","modified_gmt":"2025-05-22T09:45:55","slug":"imobilizador-do-polegar-art-35","status":"publish","type":"product","link":"https:\/\/www.orthia.eu\/en\/loja\/technical-orthopedics\/containment\/imobilizador-do-polegar-art-35\/","title":{"rendered":"art.35 &#8211; Imobilizador do Polegar"},"content":{"rendered":"<p><strong>O Imobilizador do Polegar PAVIS est\u00e1 indicado para:<\/strong><\/p>\n<p>\u00bb Patologias traum\u00e1ticas: distor\u00e7\u00f5es, fraturas do carpo e metacarpo e tendinites;<br \/>\n\u00bb Patologias degenerativas: rizartrose, s\u00edndroma do t\u00fanel c\u00e1rpico e artrose;<br \/>\n\u00bb Fase de reabilita\u00e7\u00e3o: al\u00edvio do m\u00fasculo tendinoso p\u00f3s-trauma e p\u00f3s-cirurgia.<\/p>\n<p><strong> O Imobilizador do Polegar PAVIS est\u00e1 dispon\u00edvel com as seguintes caracter\u00edsticas:<\/strong><\/p>\n<p>\u00bb Ambidextro;<br \/>\n\u00bb Totalmente aberto para f\u00e1cil utiliza\u00e7\u00e3o em caso de dor ou p\u00f3s-operat\u00f3rio;<br \/>\n\u00bb Tecnologia RIZOFIX permite que o artigo sirva em qualquer dos polegares e ser facilmente ajustado: basta apenas desapertar o parafuso, ajustar conforme a necessidade e depois apertar novamente.<\/p>\n<p>O Art.35 \u2013 Imobilizador do Polegar PAVIS \u00e9 classificado como Dispositivo M\u00e9dico de Classe I e est\u00e1 em conformidade com o Regulamento dos Dispositivos M\u00e9dicos (UE) 2017\/745.<\/p>\n","protected":false},"excerpt":{"rendered":"<div style=\"text-align: justify;\">O imobilizador do Polegar PAVIS cont\u00e9m o sistema RIZOFIX que permite imobilizar o polegar por dentro, deixando a parte dorsal livre para o tratamento de cicatrizes. Este sistema permite posicionar o polegar na posi\u00e7\u00e3o desejada (posi\u00e7\u00e3o ant\u00e1lgica ou p\u00f3s-cir\u00fargica). F\u00e1cil de colocar e regular, gra\u00e7as a um simples duplo fecho em velcro.<\/div>\n<p>&nbsp;<br \/>\n<strong>Composi\u00e7\u00e3o:<\/strong><br \/>\n45% poliamida, 40% algod\u00e3o e 15% elastano<\/p>\n<div><img loading=\"lazy\" decoding=\"async\" class=\"size-full wp-image-6424 alignright\" src=\"https:\/\/www.orthia.eu\/wp-content\/uploads\/100-1.jpg\" alt=\"\" width=\"105\" height=\"50\" \/><\/div>\n<p>&nbsp;<br \/>\n&nbsp;<\/p>\n","protected":false},"featured_media":1082,"template":"","meta":[],"product_brand":[452],"product_cat":[77,21],"product_tag":[133],"class_list":{"0":"post-1172","1":"product","2":"type-product","3":"status-publish","4":"has-post-thumbnail","6":"product_brand-pavis","7":"product_cat-contencao","8":"product_cat-ortopedia-tecnica","9":"product_tag-contencao","11":"first","12":"instock","13":"taxable","14":"shipping-taxable","15":"product-type-variable"},"_links":{"self":[{"href":"https:\/\/www.orthia.eu\/en\/wp-json\/wp\/v2\/product\/1172","targetHints":{"allow":["GET"]}}],"collection":[{"href":"https:\/\/www.orthia.eu\/en\/wp-json\/wp\/v2\/product"}],"about":[{"href":"https:\/\/www.orthia.eu\/en\/wp-json\/wp\/v2\/types\/product"}],"wp:featuredmedia":[{"embeddable":true,"href":"https:\/\/www.orthia.eu\/en\/wp-json\/wp\/v2\/media\/1082"}],"wp:attachment":[{"href":"https:\/\/www.orthia.eu\/en\/wp-json\/wp\/v2\/media?parent=1172"}],"wp:term":[{"taxonomy":"product_brand","embeddable":true,"href":"https:\/\/www.orthia.eu\/en\/wp-json\/wp\/v2\/product_brand?post=1172"},{"taxonomy":"product_cat","embeddable":true,"href":"https:\/\/www.orthia.eu\/en\/wp-json\/wp\/v2\/product_cat?post=1172"},{"taxonomy":"product_tag","embeddable":true,"href":"https:\/\/www.orthia.eu\/en\/wp-json\/wp\/v2\/product_tag?post=1172"}],"curies":[{"name":"wp","href":"https:\/\/api.w.org\/{rel}","templated":true}]}}