{"id":1194,"date":"2023-12-15T12:48:08","date_gmt":"2023-12-15T12:48:08","guid":{"rendered":"https:\/\/site.orthia.eu\/?post_type=product&#038;p=1194"},"modified":"2025-05-22T10:47:57","modified_gmt":"2025-05-22T09:47:57","slug":"cotoveleira-art-38","status":"publish","type":"product","link":"https:\/\/www.orthia.eu\/en\/loja\/technical-orthopedics\/containment\/cotoveleira-art-38\/","title":{"rendered":"art.38 &#8211; Cotoveleira"},"content":{"rendered":"<p><strong>A Cotoveleira PAVIS est\u00e1 indicada para:<\/strong><\/p>\n<p>\u00bb Les\u00f5es traum\u00e1ticas, agudas e cr\u00f3nicas. Epicondilite;<br \/>\n\u00bb Preven\u00e7\u00e3o e cuidado de v\u00e1rias patologias causadas por atividades repetitivas.<\/p>\n<p><strong>A Cotoveleira PAVIS est\u00e1 dispon\u00edvel com as seguintes caracter\u00edsticas:<\/strong><\/p>\n<p>\u00bb Ambidestra;<br \/>\n\u00bb A compress\u00e3o pode ser ajustada de acordo com a necessidade;<br \/>\n\u00bb Tecido antial\u00e9rgico, respir\u00e1vel, 100% algod\u00e3o sobre a pele, sem neopreno.<\/p>\n<p>O Art.38 \u2013 Cotoveleira PAVIS \u00e9 classificado como Dispositivo M\u00e9dico de Classe I e est\u00e1 em conformidade com o Regulamento dos Dispositivos M\u00e9dicos (UE) 2017\/745.<\/p>\n","protected":false},"excerpt":{"rendered":"<div style=\"text-align: justify;\">A Cotoveleira PAVIS fornece um apoio tubular para o cotovelo em tecido el\u00e1stico respir\u00e1vel. Dispon\u00edvel com faixa ajust\u00e1vel provida de almofada de press\u00e3o para posicionar no epic\u00f4ndilo.<\/div>\n<p>&nbsp;<br \/>\n<strong>Composi\u00e7\u00e3o:<\/strong><br \/>\n45% poliamida, 40% algod\u00e3o e 15% elastano<\/p>\n<div><img loading=\"lazy\" decoding=\"async\" class=\"size-full wp-image-6424 alignright\" src=\"https:\/\/www.orthia.eu\/wp-content\/uploads\/100-1.jpg\" alt=\"\" width=\"105\" height=\"50\" \/><\/div>\n<p>&nbsp;<br \/>\n&nbsp;<\/p>\n","protected":false},"featured_media":1084,"template":"","meta":[],"product_brand":[452],"product_cat":[77,21],"product_tag":[133],"class_list":{"0":"post-1194","1":"product","2":"type-product","3":"status-publish","4":"has-post-thumbnail","6":"product_brand-pavis","7":"product_cat-contencao","8":"product_cat-ortopedia-tecnica","9":"product_tag-contencao","11":"first","12":"instock","13":"taxable","14":"shipping-taxable","15":"product-type-variable"},"_links":{"self":[{"href":"https:\/\/www.orthia.eu\/en\/wp-json\/wp\/v2\/product\/1194","targetHints":{"allow":["GET"]}}],"collection":[{"href":"https:\/\/www.orthia.eu\/en\/wp-json\/wp\/v2\/product"}],"about":[{"href":"https:\/\/www.orthia.eu\/en\/wp-json\/wp\/v2\/types\/product"}],"wp:featuredmedia":[{"embeddable":true,"href":"https:\/\/www.orthia.eu\/en\/wp-json\/wp\/v2\/media\/1084"}],"wp:attachment":[{"href":"https:\/\/www.orthia.eu\/en\/wp-json\/wp\/v2\/media?parent=1194"}],"wp:term":[{"taxonomy":"product_brand","embeddable":true,"href":"https:\/\/www.orthia.eu\/en\/wp-json\/wp\/v2\/product_brand?post=1194"},{"taxonomy":"product_cat","embeddable":true,"href":"https:\/\/www.orthia.eu\/en\/wp-json\/wp\/v2\/product_cat?post=1194"},{"taxonomy":"product_tag","embeddable":true,"href":"https:\/\/www.orthia.eu\/en\/wp-json\/wp\/v2\/product_tag?post=1194"}],"curies":[{"name":"wp","href":"https:\/\/api.w.org\/{rel}","templated":true}]}}