{"id":1222,"date":"2023-12-15T13:17:06","date_gmt":"2023-12-15T13:17:06","guid":{"rendered":"https:\/\/site.orthia.eu\/?post_type=product&#038;p=1222"},"modified":"2025-05-22T11:42:57","modified_gmt":"2025-05-22T10:42:57","slug":"corretor-postural-art-576","status":"publish","type":"product","link":"https:\/\/www.orthia.eu\/en\/loja\/technical-orthopedics\/containment\/corretor-postural-art-576\/","title":{"rendered":"art.576 &#8211; Corretor Postural"},"content":{"rendered":"<p><strong>O Corretor Postural PAVIS est\u00e1 indicado para:<\/strong><\/p>\n<p>\u00bb Ombros r\u00edgidos ou ca\u00eddos, m\u00e1 postura raquidiana e\/ou escoliose;<br \/>\n\u00bb Patologias posturais: hipercifose e rota\u00e7\u00e3o interna dos ombros;<\/p>\n<p><strong>O Corretor Postural PAVIS est\u00e1 dispon\u00edvel com as seguintes caracter\u00edsticas:<\/strong><\/p>\n<p>\u00bb 100% algod\u00e3o sobre a pele, antial\u00e9rgico e respir\u00e1vel.<\/p>\n<p>O Art.576 \u2013Corretor Postural PAVIS \u00e9 classificado como Dispositivo M\u00e9dico de Classe I e est\u00e1 em conformidade com o Regulamento dos Dispositivos M\u00e9dicos (UE) 2017\/745.<\/p>\n","protected":false},"excerpt":{"rendered":"<div style=\"text-align: justify;\">O Corretor Postural PAVIS ajuda a manter uma correta postura dos ombros relaxando os m\u00fasculos peitorais. Apoio passivo para os m\u00fasculos dorsais mantendo a coluna ereta prevenindo a rota\u00e7\u00e3o interna de ombros e diminuindo a tens\u00e3o excessiva dos m\u00fasculos cervicais.<\/div>\n<p>&nbsp;<br \/>\n<strong>Composi\u00e7\u00e3o:<\/strong><br \/>\n45% poliamida, 40% algod\u00e3o e 15% elastano<\/p>\n<div><img loading=\"lazy\" decoding=\"async\" class=\"size-full wp-image-6424 alignright\" src=\"https:\/\/www.orthia.eu\/wp-content\/uploads\/100-1.jpg\" alt=\"\" width=\"105\" height=\"50\" \/><\/div>\n<p>&nbsp;<br \/>\n&nbsp;<\/p>\n","protected":false},"featured_media":1087,"template":"","meta":[],"product_brand":[452],"product_cat":[77,21],"product_tag":[133],"class_list":{"0":"post-1222","1":"product","2":"type-product","3":"status-publish","4":"has-post-thumbnail","6":"product_brand-pavis","7":"product_cat-contencao","8":"product_cat-ortopedia-tecnica","9":"product_tag-contencao","11":"first","12":"instock","13":"taxable","14":"shipping-taxable","15":"product-type-variable"},"_links":{"self":[{"href":"https:\/\/www.orthia.eu\/en\/wp-json\/wp\/v2\/product\/1222","targetHints":{"allow":["GET"]}}],"collection":[{"href":"https:\/\/www.orthia.eu\/en\/wp-json\/wp\/v2\/product"}],"about":[{"href":"https:\/\/www.orthia.eu\/en\/wp-json\/wp\/v2\/types\/product"}],"wp:featuredmedia":[{"embeddable":true,"href":"https:\/\/www.orthia.eu\/en\/wp-json\/wp\/v2\/media\/1087"}],"wp:attachment":[{"href":"https:\/\/www.orthia.eu\/en\/wp-json\/wp\/v2\/media?parent=1222"}],"wp:term":[{"taxonomy":"product_brand","embeddable":true,"href":"https:\/\/www.orthia.eu\/en\/wp-json\/wp\/v2\/product_brand?post=1222"},{"taxonomy":"product_cat","embeddable":true,"href":"https:\/\/www.orthia.eu\/en\/wp-json\/wp\/v2\/product_cat?post=1222"},{"taxonomy":"product_tag","embeddable":true,"href":"https:\/\/www.orthia.eu\/en\/wp-json\/wp\/v2\/product_tag?post=1222"}],"curies":[{"name":"wp","href":"https:\/\/api.w.org\/{rel}","templated":true}]}}