{"id":1259,"date":"2023-12-15T15:12:41","date_gmt":"2023-12-15T15:12:41","guid":{"rendered":"https:\/\/site.orthia.eu\/?post_type=product&#038;p=1259"},"modified":"2025-05-22T11:56:52","modified_gmt":"2025-05-22T10:56:52","slug":"faixa-lombar-c-bandas-elasticas-self-care-art-550","status":"publish","type":"product","link":"https:\/\/www.orthia.eu\/en\/loja\/technical-orthopedics\/containment\/faixa-lombar-c-bandas-elasticas-self-care-art-550\/","title":{"rendered":"art.550 &#8211; Faixa Lombar c\/ Bandas El\u00e1sticas &#8211; SELF-CARE"},"content":{"rendered":"<p><strong>A Faixa Lombar com Bandas El\u00e1sticas PAVIS est\u00e1 indicada para:<\/strong><\/p>\n<p>\u00bb Suporte da zona sacrolombar;<br \/>\n\u00bb Patologias posturais: lombalgia e ci\u00e1tica;<br \/>\n\u00bb Al\u00edvio na regi\u00e3o lombossacral, sem limitar o movimento.<\/p>\n<p><strong>A Faixa Lombar com Bandas El\u00e1sticas PAVIS est\u00e1 dispon\u00edvel com as seguintes caracter\u00edsticas:<\/strong><\/p>\n<p>\u00bb Bandas el\u00e1sticas adicionais remov\u00edveis e regul\u00e1veis em altura, que permitem um suporte preciso e homog\u00e9neo;<br \/>\n\u00bb Talas na zona lombar remov\u00edveis, que permitem ao utilizador o ajuste do suporte lombar de acordo com a necessidade;<br \/>\n\u00bb Tecnologia AIRGENIX que confere ao tecido propriedades antibacterianas, prevenindo infe\u00e7\u00f5es no p\u00f3s-cir\u00fargico e maus odores, com conforto extra, 100% respir\u00e1vel e de alta toler\u00e2ncia.<\/p>\n<p>O Art.550 \u2013 Faixa Lombar com Bandas El\u00e1sticas PAVIS \u00e9 classificado como Dispositivo M\u00e9dico de Classe I e est\u00e1 em conformidade com o Regulamento dos Dispositivos M\u00e9dicos (UE) 2017\/745.<\/p>\n","protected":false},"excerpt":{"rendered":"<div style=\"text-align: justify;\">A Faixa Lombar com Bandas El\u00e1sticas PAVIS fornece um suporte da zona sacrolombar. Com talas na zona lombar remov\u00edveis. \u00c9 uma faixa \u201cdois em um\u201d, pode ser usada com as bandas el\u00e1sticas adicionais para melhorar a compress\u00e3o e o suporte, ou sem as bandas el\u00e1sticas para um suporte leve durante as atividades da vida di\u00e1ria.<\/div>\n<p>&nbsp;<br \/>\n<strong>Composi\u00e7\u00e3o:<\/strong><br \/>\n80% poli\u00e9ster, 20% elastano<\/p>\n<div><img loading=\"lazy\" decoding=\"async\" class=\"size-full wp-image-6424 alignright\" src=\"https:\/\/www.orthia.eu\/wp-content\/uploads\/100-1.jpg\" alt=\"\" width=\"105\" height=\"50\" \/><\/div>\n<p>&nbsp;<br \/>\n&nbsp;<\/p>\n","protected":false},"featured_media":1092,"template":"","meta":[],"product_brand":[452],"product_cat":[77,21],"product_tag":[133],"class_list":{"0":"post-1259","1":"product","2":"type-product","3":"status-publish","4":"has-post-thumbnail","6":"product_brand-pavis","7":"product_cat-contencao","8":"product_cat-ortopedia-tecnica","9":"product_tag-contencao","11":"first","12":"instock","13":"taxable","14":"shipping-taxable","15":"product-type-variable"},"_links":{"self":[{"href":"https:\/\/www.orthia.eu\/en\/wp-json\/wp\/v2\/product\/1259","targetHints":{"allow":["GET"]}}],"collection":[{"href":"https:\/\/www.orthia.eu\/en\/wp-json\/wp\/v2\/product"}],"about":[{"href":"https:\/\/www.orthia.eu\/en\/wp-json\/wp\/v2\/types\/product"}],"wp:featuredmedia":[{"embeddable":true,"href":"https:\/\/www.orthia.eu\/en\/wp-json\/wp\/v2\/media\/1092"}],"wp:attachment":[{"href":"https:\/\/www.orthia.eu\/en\/wp-json\/wp\/v2\/media?parent=1259"}],"wp:term":[{"taxonomy":"product_brand","embeddable":true,"href":"https:\/\/www.orthia.eu\/en\/wp-json\/wp\/v2\/product_brand?post=1259"},{"taxonomy":"product_cat","embeddable":true,"href":"https:\/\/www.orthia.eu\/en\/wp-json\/wp\/v2\/product_cat?post=1259"},{"taxonomy":"product_tag","embeddable":true,"href":"https:\/\/www.orthia.eu\/en\/wp-json\/wp\/v2\/product_tag?post=1259"}],"curies":[{"name":"wp","href":"https:\/\/api.w.org\/{rel}","templated":true}]}}