{"id":1401,"date":"2023-12-18T17:26:20","date_gmt":"2023-12-18T17:26:20","guid":{"rendered":"https:\/\/site.orthia.eu\/?post_type=product&#038;p=1401"},"modified":"2025-05-22T12:30:09","modified_gmt":"2025-05-22T11:30:09","slug":"slip-de-contencao-ligeira-servoclin-art-609","status":"publish","type":"product","link":"https:\/\/www.orthia.eu\/en\/loja\/technical-orthopedics\/containment\/slip-de-contencao-ligeira-servoclin-art-609\/","title":{"rendered":"art.609 &#8211; Slip de Conten\u00e7\u00e3o Ligeira &#8211; SERVOCLIN"},"content":{"rendered":"<p><strong>O Slip de Conten\u00e7\u00e3o Ligeira \u2013 SERVOCLIN PAVIS est\u00e1 indicado para:<\/strong><\/p>\n<p>\u00bb Prevenir o relaxamento abdominal;<br \/>\n\u00bb P\u00f3s-operat\u00f3rio;<br \/>\n\u00bb Utiliza\u00e7\u00e3o durante a pr\u00e1tica de atividade desportiva.<\/p>\n<p><strong>O Slip de Conten\u00e7\u00e3o Ligeira \u2013 SERVOCLIN PAVIS est\u00e1 dispon\u00edvel com as seguintes caracter\u00edsticas:<\/strong><\/p>\n<p>\u00bb Preparado para utiliza\u00e7\u00e3o opcional de pelotas, se for necess\u00e1rio aumentar a conten\u00e7\u00e3o na zona inguinal;<br \/>\n\u00bb Tecido exclusivo PAVIS, 100% algod\u00e3o, antial\u00e9rgico e respir\u00e1vel.<\/p>\n<p>O Art.609 \u2013 Slip de Conten\u00e7\u00e3o Ligeira \u2013 SERVOCLIN PAVIS \u00e9 classificado como Dispositivo M\u00e9dico de Classe I e est\u00e1 em conformidade com o Regulamento dos Dispositivos M\u00e9dicos (UE) 2017\/745.<\/p>\n","protected":false},"excerpt":{"rendered":"<div style=\"text-align: justify;\">O Slip de Conten\u00e7\u00e3o Ligeira \u2013 SERVOCLIN PAVIS fornece um eficaz suporte abdominal prevenindo o relaxamento abdominal.<\/div>\n<p>&nbsp;<br \/>\n<strong>Composi\u00e7\u00e3o:<\/strong><br \/>\n80% algod\u00e3o, 20% elastano<\/p>\n<div><img loading=\"lazy\" decoding=\"async\" class=\"size-full wp-image-6424 alignright\" src=\"https:\/\/www.orthia.eu\/wp-content\/uploads\/100-1.jpg\" alt=\"\" width=\"105\" height=\"50\" \/><\/div>\n<p>&nbsp;<br \/>\n&nbsp;<\/p>\n","protected":false},"featured_media":1099,"template":"","meta":[],"product_brand":[452],"product_cat":[77,21],"product_tag":[133],"class_list":{"0":"post-1401","1":"product","2":"type-product","3":"status-publish","4":"has-post-thumbnail","6":"product_brand-pavis","7":"product_cat-contencao","8":"product_cat-ortopedia-tecnica","9":"product_tag-contencao","11":"first","12":"instock","13":"taxable","14":"shipping-taxable","15":"product-type-variable"},"_links":{"self":[{"href":"https:\/\/www.orthia.eu\/en\/wp-json\/wp\/v2\/product\/1401","targetHints":{"allow":["GET"]}}],"collection":[{"href":"https:\/\/www.orthia.eu\/en\/wp-json\/wp\/v2\/product"}],"about":[{"href":"https:\/\/www.orthia.eu\/en\/wp-json\/wp\/v2\/types\/product"}],"wp:featuredmedia":[{"embeddable":true,"href":"https:\/\/www.orthia.eu\/en\/wp-json\/wp\/v2\/media\/1099"}],"wp:attachment":[{"href":"https:\/\/www.orthia.eu\/en\/wp-json\/wp\/v2\/media?parent=1401"}],"wp:term":[{"taxonomy":"product_brand","embeddable":true,"href":"https:\/\/www.orthia.eu\/en\/wp-json\/wp\/v2\/product_brand?post=1401"},{"taxonomy":"product_cat","embeddable":true,"href":"https:\/\/www.orthia.eu\/en\/wp-json\/wp\/v2\/product_cat?post=1401"},{"taxonomy":"product_tag","embeddable":true,"href":"https:\/\/www.orthia.eu\/en\/wp-json\/wp\/v2\/product_tag?post=1401"}],"curies":[{"name":"wp","href":"https:\/\/api.w.org\/{rel}","templated":true}]}}