{"id":1409,"date":"2023-12-18T17:36:50","date_gmt":"2023-12-18T17:36:50","guid":{"rendered":"https:\/\/site.orthia.eu\/?post_type=product&#038;p=1409"},"modified":"2025-05-22T12:46:33","modified_gmt":"2025-05-22T11:46:33","slug":"slip-de-contencao-hernia-slip-art-656","status":"publish","type":"product","link":"https:\/\/www.orthia.eu\/en\/loja\/technical-orthopedics\/containment\/slip-de-contencao-hernia-slip-art-656\/","title":{"rendered":"art.656 &#8211; Slip de Conten\u00e7\u00e3o &#8211; HERNIA SLIP"},"content":{"rendered":"<p><strong>O Slip de Conten\u00e7\u00e3o \u2013 HERNIA SLIP PAVIS est\u00e1 indicado para:<\/strong><\/p>\n<p>\u00bb Conten\u00e7\u00e3o de h\u00e9rnia inguinal, no pr\u00e9 e p\u00f3s-operat\u00f3rio;<br \/>\n\u00bb Preven\u00e7\u00e3o do relaxamento abdominal e o reaparecimento da h\u00e9rnia;<br \/>\n\u00bb Utiliza\u00e7\u00e3o durante a pr\u00e1tica de atividade desportiva.<\/p>\n<p><strong>O Slip de Conten\u00e7\u00e3o \u2013 HERNIA SLIP PAVIS est\u00e1 dispon\u00edvel com as seguintes caracter\u00edsticas:<\/strong><\/p>\n<p>\u00bb Com abertura frontal, para facilitar a sua utiliza\u00e7\u00e3o no dia a dia;<br \/>\n\u00bb Preparado para a utiliza\u00e7\u00e3o opcional de pelotas, caso seja necess\u00e1rio aumentar a conten\u00e7\u00e3o na zona inguinal;<br \/>\n\u00bb Tecido exclusivo PAVIS de secagem r\u00e1pida que permite o ajuste perfeito ao corpo, tornando-o impercet\u00edvel;<\/p>\n<p>Tecnologia AIRGENIX confere ao tecido propriedades antibacterianas, prevenindo infe\u00e7\u00f5es no p\u00f3s-cir\u00fargico e maus odores, com conforto extra, 100% respir\u00e1vel e de alta toler\u00e2ncia.<\/p>\n<p>O Art.656 &#8211; Slip de Conten\u00e7\u00e3o \u2013 HERNIA SLIP PAVIS \u00e9 classificado como Dispositivo M\u00e9dico de Classe I e est\u00e1 em conformidade com o Regulamento dos Dispositivos M\u00e9dicos (UE) 2017\/745.<\/p>\n","protected":false},"excerpt":{"rendered":"<div style=\"text-align: justify;\">O Slip de Conten\u00e7\u00e3o \u2013 HERNIA SLIP PAVIS \u00e9 indicado para a conten\u00e7\u00e3o de h\u00e9rnia inguinal, no pr\u00e9 e p\u00f3s-operat\u00f3rio. Previne o relaxamento abdominal e o reaparecimento da h\u00e9rnia. Preparado para a utiliza\u00e7\u00e3o opcional de pelotas, caso seja necess\u00e1rio aumentar a conten\u00e7\u00e3o na zona inguinal.<\/div>\n<p>&nbsp;<br \/>\n<strong>Composi\u00e7\u00e3o:<\/strong><br \/>\n87% poli\u00e9ster, 15% elastano<\/p>\n<div><img loading=\"lazy\" decoding=\"async\" class=\"size-full wp-image-6424 alignright\" src=\"https:\/\/www.orthia.eu\/wp-content\/uploads\/100-1.jpg\" alt=\"\" width=\"105\" height=\"50\" \/><\/div>\n<p>&nbsp;<br \/>\n&nbsp;<\/p>\n","protected":false},"featured_media":1105,"template":"","meta":[],"product_brand":[452],"product_cat":[77,21],"product_tag":[133],"class_list":{"0":"post-1409","1":"product","2":"type-product","3":"status-publish","4":"has-post-thumbnail","6":"product_brand-pavis","7":"product_cat-contencao","8":"product_cat-ortopedia-tecnica","9":"product_tag-contencao","11":"first","12":"instock","13":"taxable","14":"shipping-taxable","15":"product-type-variable"},"_links":{"self":[{"href":"https:\/\/www.orthia.eu\/en\/wp-json\/wp\/v2\/product\/1409","targetHints":{"allow":["GET"]}}],"collection":[{"href":"https:\/\/www.orthia.eu\/en\/wp-json\/wp\/v2\/product"}],"about":[{"href":"https:\/\/www.orthia.eu\/en\/wp-json\/wp\/v2\/types\/product"}],"wp:featuredmedia":[{"embeddable":true,"href":"https:\/\/www.orthia.eu\/en\/wp-json\/wp\/v2\/media\/1105"}],"wp:attachment":[{"href":"https:\/\/www.orthia.eu\/en\/wp-json\/wp\/v2\/media?parent=1409"}],"wp:term":[{"taxonomy":"product_brand","embeddable":true,"href":"https:\/\/www.orthia.eu\/en\/wp-json\/wp\/v2\/product_brand?post=1409"},{"taxonomy":"product_cat","embeddable":true,"href":"https:\/\/www.orthia.eu\/en\/wp-json\/wp\/v2\/product_cat?post=1409"},{"taxonomy":"product_tag","embeddable":true,"href":"https:\/\/www.orthia.eu\/en\/wp-json\/wp\/v2\/product_tag?post=1409"}],"curies":[{"name":"wp","href":"https:\/\/api.w.org\/{rel}","templated":true}]}}