{"id":1416,"date":"2023-12-18T17:41:16","date_gmt":"2023-12-18T17:41:16","guid":{"rendered":"https:\/\/site.orthia.eu\/?post_type=product&#038;p=1416"},"modified":"2025-05-22T12:39:16","modified_gmt":"2025-05-22T11:39:16","slug":"boxer-de-contencao-hernia-boxer-art-655","status":"publish","type":"product","link":"https:\/\/www.orthia.eu\/en\/loja\/technical-orthopedics\/containment\/boxer-de-contencao-hernia-boxer-art-655\/","title":{"rendered":"art.655 &#8211; Boxer de Conten\u00e7\u00e3o &#8211; HERNIA BOXER"},"content":{"rendered":"<p><strong>O Boxer de Conten\u00e7\u00e3o \u2013 HERNIA BOXER PAVIS est\u00e1 indicado para:<\/strong><\/p>\n<p>\u00bb Conten\u00e7\u00e3o e suporte da parede abdominal para evitar flacidez e\/ou relaxamento dos tecidos;<br \/>\n\u00bb Conten\u00e7\u00e3o de h\u00e9rnias inguinais e p\u00f3s-operat\u00f3rio (preven\u00e7\u00e3o do relaxamento dos tecidos abdominais);<br \/>\n\u00bb Suporte durante as atividades desportivas e atividades de trabalho intensivas.<\/p>\n<p><strong>O Boxer de Conten\u00e7\u00e3o \u2013 HERNOIA BOXER PAVIS est\u00e1 dispon\u00edvel com as seguintes caracter\u00edsticas:<\/strong><\/p>\n<p>\u00bb For\u00e7a el\u00e1stica de contra\u00e7\u00e3o controlada e auto estabilizadora, gra\u00e7as a um exclusivo sistema de processamento do tecido;<br \/>\n\u00bb Fun\u00e7\u00e3o de suporte (n\u00e3o compress\u00e3o): as estruturas s\u00e3o moldadas em linha obl\u00edqua em rela\u00e7\u00e3o \u00e0 cintura, sendo por isso baixa na parte da frente e alta na parte de tr\u00e1s;<br \/>\n\u00bb Com abertura frontal, para facilitar a sua utiliza\u00e7\u00e3o no dia a dia;<br \/>\n\u00bb Preparado para a utiliza\u00e7\u00e3o opcional de pelotas, caso seja necess\u00e1rio aumentar a conten\u00e7\u00e3o na zona inguinal;<br \/>\n\u00bb Tecido exclusivo PAVIS de secagem r\u00e1pida que permite o ajuste perfeito ao corpo, tornando-o impercet\u00edvel;<br \/>\n\u00bb Tecnologia AIRGENIX confere ao tecido propriedades antibacterianas, prevenindo infe\u00e7\u00f5es no p\u00f3s-cir\u00fargico e maus odores, com conforto extra, 100% respir\u00e1vel e de alta toler\u00e2ncia.<\/p>\n<p>O Art.655 \u2013 Boxer de Conten\u00e7\u00e3o \u2013 HERNOIA BOXER PAVIS \u00e9 classificado como Dispositivo M\u00e9dico de Classe I e est\u00e1 em conformidade com o Regulamento dos Dispositivos M\u00e9dicos (UE) 2017\/745<\/p>\n","protected":false},"excerpt":{"rendered":"<div style=\"text-align: justify;\">Indicado para conten\u00e7\u00e3o de h\u00e9rnias inguinais e p\u00f3s-operat\u00f3rio (preven\u00e7\u00e3o do relaxamento dos tecidos abdominais). Oferece uma superf\u00edcie de conten\u00e7\u00e3o ampla, macia e muito flex\u00edvel.<\/div>\n<p>&nbsp;<br \/>\n<strong>Composi\u00e7\u00e3o:<\/strong><br \/>\n87% poli\u00e9ster, 13% elastano<\/p>\n<div><img loading=\"lazy\" decoding=\"async\" class=\"size-full wp-image-6424 alignright\" src=\"https:\/\/www.orthia.eu\/wp-content\/uploads\/100-1.jpg\" alt=\"\" width=\"105\" height=\"50\" \/><\/div>\n<p>&nbsp;<br \/>\n&nbsp;<\/p>\n","protected":false},"featured_media":1101,"template":"","meta":[],"product_brand":[452],"product_cat":[77,21],"product_tag":[133],"class_list":{"0":"post-1416","1":"product","2":"type-product","3":"status-publish","4":"has-post-thumbnail","6":"product_brand-pavis","7":"product_cat-contencao","8":"product_cat-ortopedia-tecnica","9":"product_tag-contencao","11":"first","12":"instock","13":"taxable","14":"shipping-taxable","15":"product-type-variable"},"_links":{"self":[{"href":"https:\/\/www.orthia.eu\/en\/wp-json\/wp\/v2\/product\/1416","targetHints":{"allow":["GET"]}}],"collection":[{"href":"https:\/\/www.orthia.eu\/en\/wp-json\/wp\/v2\/product"}],"about":[{"href":"https:\/\/www.orthia.eu\/en\/wp-json\/wp\/v2\/types\/product"}],"wp:featuredmedia":[{"embeddable":true,"href":"https:\/\/www.orthia.eu\/en\/wp-json\/wp\/v2\/media\/1101"}],"wp:attachment":[{"href":"https:\/\/www.orthia.eu\/en\/wp-json\/wp\/v2\/media?parent=1416"}],"wp:term":[{"taxonomy":"product_brand","embeddable":true,"href":"https:\/\/www.orthia.eu\/en\/wp-json\/wp\/v2\/product_brand?post=1416"},{"taxonomy":"product_cat","embeddable":true,"href":"https:\/\/www.orthia.eu\/en\/wp-json\/wp\/v2\/product_cat?post=1416"},{"taxonomy":"product_tag","embeddable":true,"href":"https:\/\/www.orthia.eu\/en\/wp-json\/wp\/v2\/product_tag?post=1416"}],"curies":[{"name":"wp","href":"https:\/\/api.w.org\/{rel}","templated":true}]}}