{"id":1422,"date":"2023-12-19T11:09:14","date_gmt":"2023-12-19T11:09:14","guid":{"rendered":"https:\/\/site.orthia.eu\/?post_type=product&#038;p=1422"},"modified":"2025-05-22T12:51:33","modified_gmt":"2025-05-22T11:51:33","slug":"cinta-de-contencao-abdominal-alta-silvy-art-671","status":"publish","type":"product","link":"https:\/\/www.orthia.eu\/en\/loja\/technical-orthopedics\/containment\/cinta-de-contencao-abdominal-alta-silvy-art-671\/","title":{"rendered":"art.671 &#8211; Cinta de Conten\u00e7\u00e3o Abdominal Alta &#8211; SILVY"},"content":{"rendered":"<p><strong>A Cinta de Conten\u00e7\u00e3o Abdominal Alta &#8211; SILVY est\u00e1 indicada para:<\/strong><\/p>\n<p>\u00bb P\u00f3s interven\u00e7\u00f5es cir\u00fargicas e p\u00f3s-parto;<br \/>\n\u00bb Prevenir e combater o relaxamento abdominal, ptoses viscerais e renais.<\/p>\n<p><strong>A Cinta de Conten\u00e7\u00e3o Abdominal Alta &#8211; SILVY est\u00e1 dispon\u00edvel com as seguintes caracter\u00edsticas:<\/strong><\/p>\n<p>\u00bb Abertura f\u00e1cil atrav\u00e9s dos colchetes;<br \/>\n\u00bb Tecido el\u00e1stico exclusivo, respir\u00e1vel, antial\u00e9rgico e 100% algod\u00e3o sobre a pele.<\/p>\n<p>O Art.671 \u2013 Cinta de Conten\u00e7\u00e3o Abdominal Alta &#8211; SILVY \u00e9 classificado como Dispositivo M\u00e9dico de Classe I e est\u00e1 em conformidade com o Regulamento dos Dispositivos M\u00e9dicos (UE) 2017\/745.<\/p>\n","protected":false},"excerpt":{"rendered":"<div style=\"text-align: justify;\">Recomendada ap\u00f3s interven\u00e7\u00f5es cir\u00fargicas e p\u00f3s-parto. Oferece uma eficaz sustenta\u00e7\u00e3o, previne e combate os relaxamentos abdominais, ptoses viscerais e renais. Favorece a recupera\u00e7\u00e3o da linha est\u00e9tica.<\/div>\n<p>&nbsp;<br \/>\n<strong>Composi\u00e7\u00e3o:<\/strong><br \/>\n80% algod\u00e3o e 20% elastano<\/p>\n<div><img loading=\"lazy\" decoding=\"async\" class=\"size-full wp-image-6424 alignright\" src=\"https:\/\/www.orthia.eu\/wp-content\/uploads\/100-1.jpg\" alt=\"\" width=\"105\" height=\"50\" \/><\/div>\n<p>&nbsp;<br \/>\n&nbsp;<\/p>\n","protected":false},"featured_media":1102,"template":"","meta":[],"product_brand":[452],"product_cat":[77,21],"product_tag":[133],"class_list":{"0":"post-1422","1":"product","2":"type-product","3":"status-publish","4":"has-post-thumbnail","6":"product_brand-pavis","7":"product_cat-contencao","8":"product_cat-ortopedia-tecnica","9":"product_tag-contencao","11":"first","12":"instock","13":"taxable","14":"shipping-taxable","15":"product-type-variable"},"_links":{"self":[{"href":"https:\/\/www.orthia.eu\/en\/wp-json\/wp\/v2\/product\/1422","targetHints":{"allow":["GET"]}}],"collection":[{"href":"https:\/\/www.orthia.eu\/en\/wp-json\/wp\/v2\/product"}],"about":[{"href":"https:\/\/www.orthia.eu\/en\/wp-json\/wp\/v2\/types\/product"}],"wp:featuredmedia":[{"embeddable":true,"href":"https:\/\/www.orthia.eu\/en\/wp-json\/wp\/v2\/media\/1102"}],"wp:attachment":[{"href":"https:\/\/www.orthia.eu\/en\/wp-json\/wp\/v2\/media?parent=1422"}],"wp:term":[{"taxonomy":"product_brand","embeddable":true,"href":"https:\/\/www.orthia.eu\/en\/wp-json\/wp\/v2\/product_brand?post=1422"},{"taxonomy":"product_cat","embeddable":true,"href":"https:\/\/www.orthia.eu\/en\/wp-json\/wp\/v2\/product_cat?post=1422"},{"taxonomy":"product_tag","embeddable":true,"href":"https:\/\/www.orthia.eu\/en\/wp-json\/wp\/v2\/product_tag?post=1422"}],"curies":[{"name":"wp","href":"https:\/\/api.w.org\/{rel}","templated":true}]}}