{"id":1438,"date":"2023-12-19T11:14:06","date_gmt":"2023-12-19T11:14:06","guid":{"rendered":"https:\/\/site.orthia.eu\/?post_type=product&#038;p=1438"},"modified":"2025-05-22T12:57:49","modified_gmt":"2025-05-22T11:57:49","slug":"cinta-de-contencao-abdominal-hernia-block-art-672","status":"publish","type":"product","link":"https:\/\/www.orthia.eu\/en\/loja\/technical-orthopedics\/containment\/cinta-de-contencao-abdominal-hernia-block-art-672\/","title":{"rendered":"art.672 &#8211; Cinta de Conten\u00e7\u00e3o Abdominal &#8211; HERNIA BLOCK"},"content":{"rendered":"<p><strong>A Cinta de Conten\u00e7\u00e3o Abdominal \u2013 HERNIA BLOCK PAVIS est\u00e1 indicada para:<\/strong><\/p>\n<p>\u00bb Conten\u00e7\u00e3o de h\u00e9rnias inguinais ou p\u00f3s cirurgias;<br \/>\n\u00bb Evitar o relaxamento abdominal e prevenir ptoses viscerais e renais.<\/p>\n<p><strong>A Cinta de Conten\u00e7\u00e3o Abdominal \u2013 HERNIA BLOCK PAVIS est\u00e1 dispon\u00edvel com as seguintes caracter\u00edsticas:<\/strong><\/p>\n<p>\u00bb Preparada para a utiliza\u00e7\u00e3o opcional de pelotas, oferecendo uma eficaz sustenta\u00e7\u00e3o;<br \/>\n\u00bb Abertura f\u00e1cil atrav\u00e9s dos colchetes;<br \/>\n\u00bb Gra\u00e7as \u00e0 sua for\u00e7a de conten\u00e7\u00e3o, que atua com resultados m\u00e1ximos, esta cinta veste perfeitamente proporcionando conforto;<br \/>\n\u00bb Tecido el\u00e1stico exclusivo, respir\u00e1vel, antial\u00e9rgico e 100% algod\u00e3o sobre a pele.<\/p>\n<p>O Art.672 \u2013 A Cinta de Conten\u00e7\u00e3o Abdominal \u2013 HERNIA BLOCK PAVIS \u00e9 classificado como Dispositivo M\u00e9dico de Classe I e est\u00e1 em conformidade com o Regulamento dos Dispositivos M\u00e9dicos (UE) 2017\/745.<\/p>\n","protected":false},"excerpt":{"rendered":"<div style=\"text-align: justify;\">A Cinta de Conten\u00e7\u00e3o Abdominal \u2013 HERNIA BLOCK  \u00e9 recomendada para a conten\u00e7\u00e3o de h\u00e9rnias inguinais ou p\u00f3s cirurgias.<\/div>\n<p>&nbsp;<br \/>\n<strong>Composi\u00e7\u00e3o:<\/strong><br \/>\n80% algod\u00e3o, 20% elastano<\/p>\n<div><img loading=\"lazy\" decoding=\"async\" class=\"size-full wp-image-6424 alignright\" src=\"https:\/\/www.orthia.eu\/wp-content\/uploads\/100-1.jpg\" alt=\"\" width=\"105\" height=\"50\" \/><\/div>\n<p>&nbsp;<br \/>\n&nbsp;<\/p>\n","protected":false},"featured_media":1103,"template":"","meta":[],"product_brand":[452],"product_cat":[77,21],"product_tag":[133],"class_list":{"0":"post-1438","1":"product","2":"type-product","3":"status-publish","4":"has-post-thumbnail","6":"product_brand-pavis","7":"product_cat-contencao","8":"product_cat-ortopedia-tecnica","9":"product_tag-contencao","11":"first","12":"instock","13":"taxable","14":"shipping-taxable","15":"product-type-variable"},"_links":{"self":[{"href":"https:\/\/www.orthia.eu\/en\/wp-json\/wp\/v2\/product\/1438","targetHints":{"allow":["GET"]}}],"collection":[{"href":"https:\/\/www.orthia.eu\/en\/wp-json\/wp\/v2\/product"}],"about":[{"href":"https:\/\/www.orthia.eu\/en\/wp-json\/wp\/v2\/types\/product"}],"wp:featuredmedia":[{"embeddable":true,"href":"https:\/\/www.orthia.eu\/en\/wp-json\/wp\/v2\/media\/1103"}],"wp:attachment":[{"href":"https:\/\/www.orthia.eu\/en\/wp-json\/wp\/v2\/media?parent=1438"}],"wp:term":[{"taxonomy":"product_brand","embeddable":true,"href":"https:\/\/www.orthia.eu\/en\/wp-json\/wp\/v2\/product_brand?post=1438"},{"taxonomy":"product_cat","embeddable":true,"href":"https:\/\/www.orthia.eu\/en\/wp-json\/wp\/v2\/product_cat?post=1438"},{"taxonomy":"product_tag","embeddable":true,"href":"https:\/\/www.orthia.eu\/en\/wp-json\/wp\/v2\/product_tag?post=1438"}],"curies":[{"name":"wp","href":"https:\/\/api.w.org\/{rel}","templated":true}]}}