{"id":3018,"date":"2024-05-24T09:50:00","date_gmt":"2024-05-24T09:50:00","guid":{"rendered":"https:\/\/site.orthia.eu\/?post_type=product&#038;p=3018"},"modified":"2025-05-22T10:42:41","modified_gmt":"2025-05-22T09:42:41","slug":"art-133-tala-de-pulso","status":"publish","type":"product","link":"https:\/\/www.orthia.eu\/en\/loja\/technical-orthopedics\/containment\/art-133-tala-de-pulso\/","title":{"rendered":"art.133 &#8211; Tala de Pulso"},"content":{"rendered":"<p><strong>A Tala de Pulso PAVIS est\u00e1 indicada para:<\/strong><\/p>\n<p>\u00bb Patologias traum\u00e1ticas: entorses, fraturas discais do r\u00e1dio, tendinites;<br \/>\n\u00bb Patologias degenerativas: s\u00edndrome do t\u00fanel c\u00e1rpico, osteoartrite, artrose: artrite gotosa aguda, artrite reumatoide;<br \/>\n\u00bb Fase de reabilita\u00e7\u00e3o: suporte do m\u00fasculo tendinoso p\u00f3s- trauma e p\u00f3s-cirurgia.<\/p>\n<p><strong>A Tala de Pulso PAVIS est\u00e1 dispon\u00edvel com as seguintes caracter\u00edsticas:<\/strong><\/p>\n<p>\u00bb Cont\u00e9m tr\u00eas talas anat\u00f3micas e tr\u00eas correias ajust\u00e1veis;<br \/>\n\u00bb Totalmente aberta para f\u00e1cil utiliza\u00e7\u00e3o em caso de dor ou p\u00f3s-operat\u00f3rio;<br \/>\n\u00bb Fecho ajust\u00e1vel para regular \u00e0 dimens\u00e3o do pulso.<br \/>\n\u00bb Tecnologia AIRGENIX que confere ao tecido propriedades antibacterianas, prevenindo infe\u00e7\u00f5es no p\u00f3s-cir\u00fargico e maus odores, com conforto extra, 100% respir\u00e1vel e de alta toler\u00e2ncia.<\/p>\n<p>O Art.133 \u2013 Tala de Pulso PAVIS \u00e9 classificado como Dispositivo M\u00e9dico de Classe I e est\u00e1 em conformidade com o Regulamento dos Dispositivos M\u00e9dicos (UE) 2017\/745.<\/p>\n","protected":false},"excerpt":{"rendered":"<div style=\"text-align: justify;\">A nova Linha P-Fix da PAVIS foi desenvolvida para proporcionar uma imobiliza\u00e7\u00e3o mais eficiente e ajust\u00e1vel do pulso. O novo design de produto completamente aberto, facilita a aplica\u00e7\u00e3o e a utiliza\u00e7\u00e3o. O sistema de ajuste por correias permite a regula\u00e7\u00e3o \u00e0 dimens\u00e3o do pulso, evitando press\u00e3o excessiva e assegurando a boa circula\u00e7\u00e3o sangu\u00ednea. As talas anat\u00f3micas, mold\u00e1veis e remov\u00edveis, garantem a imobiliza\u00e7\u00e3o limitando a flex\u00e3o palmar e dorsal, se comprometer o conforto. Concebido com o novo tecido bacteriost\u00e1tico AIRGENIX, garante maior conforto, higiene e respirabilidade.<\/div>\n<p>&nbsp;<br \/>\n<strong>Composi\u00e7\u00e3o:<\/strong><br \/>\n60% poli\u00e9ster, 30% poliamida e 10% elastano<\/p>\n<div><img loading=\"lazy\" decoding=\"async\" class=\"size-full wp-image-6424 alignright\" src=\"https:\/\/www.orthia.eu\/wp-content\/uploads\/100-1.jpg\" alt=\"\" width=\"105\" height=\"50\" \/><\/div>\n<p>&nbsp;<br \/>\n&nbsp;<\/p>\n","protected":false},"featured_media":3023,"template":"","meta":[],"product_brand":[452],"product_cat":[77,21],"product_tag":[133],"class_list":{"0":"post-3018","1":"product","2":"type-product","3":"status-publish","4":"has-post-thumbnail","6":"product_brand-pavis","7":"product_cat-contencao","8":"product_cat-ortopedia-tecnica","9":"product_tag-contencao","11":"first","12":"instock","13":"taxable","14":"shipping-taxable","15":"product-type-variable"},"_links":{"self":[{"href":"https:\/\/www.orthia.eu\/en\/wp-json\/wp\/v2\/product\/3018","targetHints":{"allow":["GET"]}}],"collection":[{"href":"https:\/\/www.orthia.eu\/en\/wp-json\/wp\/v2\/product"}],"about":[{"href":"https:\/\/www.orthia.eu\/en\/wp-json\/wp\/v2\/types\/product"}],"wp:featuredmedia":[{"embeddable":true,"href":"https:\/\/www.orthia.eu\/en\/wp-json\/wp\/v2\/media\/3023"}],"wp:attachment":[{"href":"https:\/\/www.orthia.eu\/en\/wp-json\/wp\/v2\/media?parent=3018"}],"wp:term":[{"taxonomy":"product_brand","embeddable":true,"href":"https:\/\/www.orthia.eu\/en\/wp-json\/wp\/v2\/product_brand?post=3018"},{"taxonomy":"product_cat","embeddable":true,"href":"https:\/\/www.orthia.eu\/en\/wp-json\/wp\/v2\/product_cat?post=3018"},{"taxonomy":"product_tag","embeddable":true,"href":"https:\/\/www.orthia.eu\/en\/wp-json\/wp\/v2\/product_tag?post=3018"}],"curies":[{"name":"wp","href":"https:\/\/api.w.org\/{rel}","templated":true}]}}