{"id":6735,"date":"2025-09-19T12:54:53","date_gmt":"2025-09-19T11:54:53","guid":{"rendered":"https:\/\/www.orthia.eu\/?post_type=product&#038;p=6735"},"modified":"2025-10-27T15:53:55","modified_gmt":"2025-10-27T15:53:55","slug":"art-1675-faixa-abdominal-bacteriostatica","status":"publish","type":"product","link":"https:\/\/www.orthia.eu\/en\/loja\/technical-orthopedics\/containment\/art-1675-faixa-abdominal-bacteriostatica\/","title":{"rendered":"art.1675 \u2013 Faixa Abdominal BACTERIOST\u00c1TICA"},"content":{"rendered":"<p><strong>A Faixa Abdominal BACTERIOST\u00c1TICA PAVIS est\u00e1 indicada para:<\/strong><\/p>\n<p>\u00bb P\u00f3s-cirurgia abdominal;<br \/>\n\u00bb P\u00f3s-parto;<br \/>\n\u00bb Uso adjuvante: na conten\u00e7\u00e3o abdominal.<\/p>\n<p><strong>A Faixa Abdominal BACTERIOST\u00c1TICA PAVIS est\u00e1 dispon\u00edvel com as seguintes caracter\u00edsticas:<\/strong><\/p>\n<p>\u00bb Com fecho frontal e duas faixas ajust\u00e1veis;<br \/>\n\u00bb Adapta-se perfeitamente ao corpo do utilizador, seja homem ou mulher;<br \/>\n\u00bb Duas hastes leves na parte dorsal, que evitam dobras indesejadas e proporcionam um suporte leve;<br \/>\n\u00bb Totalmente aberta, possui um bolso auxiliar para facilitar o posicionamento e o ajuste adequado;<br \/>\n\u00bb Tecnologia AIR GENIX: confere ao tecido propriedades antibacterianas, prevenindo infe\u00e7\u00f5es no p\u00f3s-cir\u00fargico e maus odores, com conforto extra, 100% respir\u00e1vel e de alta toler\u00e2ncia.<\/p>\n<p>O Art.1675 \u2013 Faixa Abdominal BACTERIOST\u00c1TICA PAVIS \u00e9 classificado como Dispositivo M\u00e9dico de Classe I e est\u00e1 em conformidade com o Regulamento dos Dispositivos M\u00e9dicos (UE) 2017\/745.<\/p>\n","protected":false},"excerpt":{"rendered":"<div style=\"text-align: justify;\">A Faixa Abdominal Bacteriost\u00e1tica PAVIS foi desenvolvida para oferecer suporte eficaz com m\u00e1ximo conforto. Com fecho frontal e duas faixas ajust\u00e1veis, que garantem um ajuste progressivo e preciso, adapta-se perfeitamente ao corpo do utilizador, seja homem ou mulher. O seu design inteligente inclui duas hastes leves na parte dorsal, que evitam dobras indesejadas e proporcionam um suporte leve. \u00c9 pr\u00e1tica e f\u00e1cil de usar, totalmente aberta, possui um bolso auxiliar para facilitar o posicionamento e o ajuste adequado. \u00c9 produzida com o exclusivo tecido el\u00e1stico antibacteriano AIRGENIX, respir\u00e1vel, confort\u00e1vel e dur\u00e1vel, gra\u00e7as ao novo el\u00e1stico frontal que refor\u00e7a a sua estabilidade ao longo do tempo.<\/div>\n<p>&nbsp;<br \/>\n<strong>Composi\u00e7\u00e3o:<\/strong><br \/>\n57% poli\u00e9ster, 22% poliamida e 21% elastano<\/p>\n<div><img loading=\"lazy\" decoding=\"async\" class=\"size-full wp-image-6424 alignright\" src=\"https:\/\/www.orthia.eu\/wp-content\/uploads\/AIRGENIX_bulletimg.png\" alt=\"\" width=\"105\" height=\"50\" \/><\/div>\n<p>&nbsp;<br \/>\n&nbsp;<\/p>\n","protected":false},"featured_media":6742,"template":"","meta":[],"product_brand":[452],"product_cat":[77,21],"product_tag":[133],"class_list":{"0":"post-6735","1":"product","2":"type-product","3":"status-publish","4":"has-post-thumbnail","6":"product_brand-pavis","7":"product_cat-contencao","8":"product_cat-ortopedia-tecnica","9":"product_tag-contencao","11":"first","12":"instock","13":"taxable","14":"shipping-taxable","15":"product-type-variable","16":"has-default-attributes"},"_links":{"self":[{"href":"https:\/\/www.orthia.eu\/en\/wp-json\/wp\/v2\/product\/6735","targetHints":{"allow":["GET"]}}],"collection":[{"href":"https:\/\/www.orthia.eu\/en\/wp-json\/wp\/v2\/product"}],"about":[{"href":"https:\/\/www.orthia.eu\/en\/wp-json\/wp\/v2\/types\/product"}],"wp:featuredmedia":[{"embeddable":true,"href":"https:\/\/www.orthia.eu\/en\/wp-json\/wp\/v2\/media\/6742"}],"wp:attachment":[{"href":"https:\/\/www.orthia.eu\/en\/wp-json\/wp\/v2\/media?parent=6735"}],"wp:term":[{"taxonomy":"product_brand","embeddable":true,"href":"https:\/\/www.orthia.eu\/en\/wp-json\/wp\/v2\/product_brand?post=6735"},{"taxonomy":"product_cat","embeddable":true,"href":"https:\/\/www.orthia.eu\/en\/wp-json\/wp\/v2\/product_cat?post=6735"},{"taxonomy":"product_tag","embeddable":true,"href":"https:\/\/www.orthia.eu\/en\/wp-json\/wp\/v2\/product_tag?post=6735"}],"curies":[{"name":"wp","href":"https:\/\/api.w.org\/{rel}","templated":true}]}}