{"id":6850,"date":"2025-10-28T12:03:47","date_gmt":"2025-10-28T12:03:47","guid":{"rendered":"https:\/\/www.orthia.eu\/?post_type=product&#038;p=6850"},"modified":"2025-10-28T12:35:21","modified_gmt":"2025-10-28T12:35:21","slug":"art-136-imobilizador-do-polegar-rhizolasticfix","status":"publish","type":"product","link":"https:\/\/www.orthia.eu\/en\/loja\/technical-orthopedics\/containment\/art-136-imobilizador-do-polegar-rhizolasticfix\/","title":{"rendered":"art.136 &#8211; Imobilizador do Polegar RHIZOLASTICFIX"},"content":{"rendered":"<p><strong>O Imobilizador do Polegar RHIZOLASTICFIX PAVIS est\u00e1 indicado para:<\/strong><\/p>\n<p>\u00bb Patologias inflamat\u00f3rias\/degenerativas: inflama\u00e7\u00e3o da bainha tendinosa do polegar, artrose\/artrite do polegar, dor no polegar;<br \/>\n\u00bb Patologias traum\u00e1ticas: subluxa\u00e7\u00f5es do polegar ou em caso de distor\u00e7\u00f5es do indicador;<br \/>\n\u00bb Uso preventivo: instabilidade leve\/moderada do polegar, limita\u00e7\u00e3o do movimento do polegar, redu\u00e7\u00e3o de crises inflamat\u00f3rias e, consequentemente, da dor funcional.<\/p>\n<p><strong>O Imobilizador do Polegar RHIZOLASTICFIX PAVIS est\u00e1 dispon\u00edvel com as seguintes caracter\u00edsticas:<\/strong><\/p>\n<p>\u00bb Totalmente aberto para f\u00e1cil utiliza\u00e7\u00e3o;<br \/>\n\u00bb Tecido antial\u00e9rgico, respir\u00e1vel, 100% algod\u00e3o sobre a pele, sem neopreno.<\/p>\n<p>O Art.136 \u2013 Imobilizador do Polegar RHIZOLASTICFIX PAVIS \u00e9 classificado como Dispositivo M\u00e9dico de Classe I e est\u00e1 em conformidade com o Regulamento dos Dispositivos M\u00e9dicos (UE) 2017\/745<\/p>\n","protected":false},"excerpt":{"rendered":"<div style=\"text-align: justify;\">O Imobilizador do Polegar RHIZOLASTICFIX PAVIS promove uma recupera\u00e7\u00e3o r\u00e1pida e eficaz, oferecendo estabiliza\u00e7\u00e3o precisa do polegar com m\u00e1ximo conforto e praticidade. Cont\u00e9m uma luva com sistema de fecho em velcro no pulso e ao redor do polegar e duas hastes mold\u00e1veis em alum\u00ednio que bloqueiam o movimento da articula\u00e7\u00e3o. Uma tira el\u00e1stica adicional envolve o polegar, refor\u00e7ando a imobiliza\u00e7\u00e3o. F\u00e1cil de colocar e totalmente ajust\u00e1vel, adapta-se perfeitamente \u00e0 m\u00e3o do utilizador gra\u00e7as ao tecido el\u00e1stico AIRGENIX, que \u00e9 respir\u00e1vel, bacteriost\u00e1tico e ajuda a prevenir maus odores.<\/div>\n<p>&nbsp;<br \/>\n<strong>Composi\u00e7\u00e3o:<\/strong><br \/>\n45% poliamida, 40% algod\u00e3o e 15% elastano<\/p>\n<div><img loading=\"lazy\" decoding=\"async\" class=\"size-full wp-image-6424 alignright\" src=\"https:\/\/site.orthia.eu\/wp-content\/uploads\/100-1.jpg\" alt=\"\" width=\"105\" height=\"50\" \/><\/div>\n<p>&nbsp;<br \/>\n&nbsp;<\/p>\n<div><img decoding=\"async\" class=\"size-full wp-image-6424 alignright\" src=\"https:\/\/www.orthia.eu\/wp-content\/uploads\/AIRGENIX_bulletimg.png\" alt=\"\" width=\"200\" height=\"100%\" \/><\/div>\n<p>&nbsp;<\/p>\n","protected":false},"featured_media":6863,"template":"","meta":[],"product_brand":[452],"product_cat":[77,21],"product_tag":[133],"class_list":{"0":"post-6850","1":"product","2":"type-product","3":"status-publish","4":"has-post-thumbnail","6":"product_brand-pavis","7":"product_cat-contencao","8":"product_cat-ortopedia-tecnica","9":"product_tag-contencao","11":"first","12":"instock","13":"taxable","14":"shipping-taxable","15":"product-type-variable"},"_links":{"self":[{"href":"https:\/\/www.orthia.eu\/en\/wp-json\/wp\/v2\/product\/6850","targetHints":{"allow":["GET"]}}],"collection":[{"href":"https:\/\/www.orthia.eu\/en\/wp-json\/wp\/v2\/product"}],"about":[{"href":"https:\/\/www.orthia.eu\/en\/wp-json\/wp\/v2\/types\/product"}],"wp:featuredmedia":[{"embeddable":true,"href":"https:\/\/www.orthia.eu\/en\/wp-json\/wp\/v2\/media\/6863"}],"wp:attachment":[{"href":"https:\/\/www.orthia.eu\/en\/wp-json\/wp\/v2\/media?parent=6850"}],"wp:term":[{"taxonomy":"product_brand","embeddable":true,"href":"https:\/\/www.orthia.eu\/en\/wp-json\/wp\/v2\/product_brand?post=6850"},{"taxonomy":"product_cat","embeddable":true,"href":"https:\/\/www.orthia.eu\/en\/wp-json\/wp\/v2\/product_cat?post=6850"},{"taxonomy":"product_tag","embeddable":true,"href":"https:\/\/www.orthia.eu\/en\/wp-json\/wp\/v2\/product_tag?post=6850"}],"curies":[{"name":"wp","href":"https:\/\/api.w.org\/{rel}","templated":true}]}}