{"id":943,"date":"2023-12-07T16:05:43","date_gmt":"2023-12-07T16:05:43","guid":{"rendered":"https:\/\/site.orthia.eu\/?post_type=product&#038;p=943"},"modified":"2025-06-20T14:54:23","modified_gmt":"2025-06-20T13:54:23","slug":"joelheira-elastica-art-20","status":"publish","type":"product","link":"https:\/\/www.orthia.eu\/en\/loja\/maternity-and-pediatrics\/children\/joelheira-elastica-art-20\/","title":{"rendered":"art.20 &#8211; Joelheira El\u00e1stica"},"content":{"rendered":"<p><strong>A Joelheira El\u00e1stica Regul\u00e1vel PAVIS est\u00e1 indicada para:<\/strong><\/p>\n<p>\u00bb Patologias traum\u00e1ticas: derrames articulares e traumas rotulianos;<br \/>\n\u00bb Fase de reabilita\u00e7\u00e3o: a\u00e7\u00e3o contentora p\u00f3s-traum\u00e1tica, reabilita\u00e7\u00e3o avan\u00e7ada de patologias rotulianas.<\/p>\n<p><strong>A Joelheira El\u00e1stica Regul\u00e1vel PAVIS est\u00e1 dispon\u00edvel com as seguintes caracter\u00edsticas:<\/strong><\/p>\n<p>\u00bb Ambidestra;<br \/>\n\u00bb F\u00e1cil ajuste superior ou inferior \u00e0 rotula, dependendo do grau de compress\u00e3o desejado;<br \/>\n\u00bb Completamente ajust\u00e1vel;<br \/>\n\u00bb Em tecido antial\u00e9rgico, respir\u00e1vel, 100% algod\u00e3o sobre a pele, sem neopreno.<\/p>\n<p>O Art.20 \u2013 Joelheira El\u00e1stica Regul\u00e1vel PAVIS \u00e9 classificado como Dispositivo M\u00e9dico de Classe I e est\u00e1 em conformidade com o Regulamento dos Dispositivos M\u00e9dicos (UE) 2017\/745.<\/p>\n","protected":false},"excerpt":{"rendered":"<div style=\"text-align: justify;\">A joelheira el\u00e1stica regul\u00e1vel PAVIS fornece um suporte ligeiro no joelho. Possui duas tiras el\u00e1sticas ajust\u00e1veis para obter o suporte desejado. Permite movimentos controlados, de forma a evitar a perda da funcionalidade articular e o t\u00f3nus muscular.<\/div>\n<p>&nbsp;<br \/>\n<strong>Composi\u00e7\u00e3o:<\/strong><br \/>\n45% poliamida, 40% algod\u00e3o e 15% elastano<\/p>\n<p><strong>Altura:<\/strong><br \/>\n24 cm<\/p>\n<div><img loading=\"lazy\" decoding=\"async\" class=\"size-full wp-image-6424 alignright\" src=\"https:\/\/www.orthia.eu\/wp-content\/uploads\/100-1.jpg\" alt=\"\" width=\"105\" height=\"50\" \/><\/div>\n<p>&nbsp;<br \/>\n&nbsp;<\/p>\n","protected":false},"featured_media":925,"template":"","meta":[],"product_brand":[],"product_cat":[70,19],"product_tag":[118],"class_list":{"0":"post-943","1":"product","2":"type-product","3":"status-publish","4":"has-post-thumbnail","6":"product_cat-crianca","7":"product_cat-maternidade-e-pediatria","8":"product_tag-crianca","10":"first","11":"instock","12":"taxable","13":"shipping-taxable","14":"product-type-simple"},"_links":{"self":[{"href":"https:\/\/www.orthia.eu\/en\/wp-json\/wp\/v2\/product\/943","targetHints":{"allow":["GET"]}}],"collection":[{"href":"https:\/\/www.orthia.eu\/en\/wp-json\/wp\/v2\/product"}],"about":[{"href":"https:\/\/www.orthia.eu\/en\/wp-json\/wp\/v2\/types\/product"}],"wp:featuredmedia":[{"embeddable":true,"href":"https:\/\/www.orthia.eu\/en\/wp-json\/wp\/v2\/media\/925"}],"wp:attachment":[{"href":"https:\/\/www.orthia.eu\/en\/wp-json\/wp\/v2\/media?parent=943"}],"wp:term":[{"taxonomy":"product_brand","embeddable":true,"href":"https:\/\/www.orthia.eu\/en\/wp-json\/wp\/v2\/product_brand?post=943"},{"taxonomy":"product_cat","embeddable":true,"href":"https:\/\/www.orthia.eu\/en\/wp-json\/wp\/v2\/product_cat?post=943"},{"taxonomy":"product_tag","embeddable":true,"href":"https:\/\/www.orthia.eu\/en\/wp-json\/wp\/v2\/product_tag?post=943"}],"curies":[{"name":"wp","href":"https:\/\/api.w.org\/{rel}","templated":true}]}}